{"id":8883,"date":"2024-07-27T16:10:55","date_gmt":"2024-07-27T21:10:55","guid":{"rendered":"https:\/\/hospitalsanjose.gov.co\/?page_id=8883"},"modified":"2024-07-27T16:10:55","modified_gmt":"2024-07-27T21:10:55","slug":"portal-para-mujeres","status":"publish","type":"page","link":"https:\/\/hospitalsanjose.gov.co\/index.php\/portal-para-mujeres\/","title":{"rendered":"Portal para Mujeres"},"content":{"rendered":"<p><div class=\"fusion-fullwidth fullwidth-box fusion-builder-row-1 fusion-flex-container has-pattern-background has-mask-background hundred-percent-fullwidth non-hundred-percent-height-scrolling\" style=\"--awb-border-radius-top-left:0px;--awb-border-radius-top-right:0px;--awb-border-radius-bottom-right:0px;--awb-border-radius-bottom-left:0px;--awb-padding-top:0px;--awb-padding-right:1911px;--awb-padding-bottom:0px;--awb-padding-left:0px;--awb-margin-bottom:0px;--awb-flex-wrap:wrap;\" ><div class=\"fusion-builder-row fusion-row fusion-flex-align-items-flex-start fusion-flex-content-wrap\" style=\"width:104% !important;max-width:104% !important;margin-left: calc(-4% \/ 2 );margin-right: calc(-4% \/ 2 );\"><div class=\"fusion-layout-column fusion_builder_column fusion-builder-column-0 fusion_builder_column_1_1 1_1 fusion-flex-column\" style=\"--awb-padding-bottom:30px;--awb-padding-left:2948px;--awb-bg-color:var(--awb-color3);--awb-bg-color-hover:var(--awb-color3);--awb-bg-size:cover;--awb-box-shadow: 0px 0px var(--awb-color6);;--awb-width-large:100%;--awb-margin-top-large:0px;--awb-spacing-right-large:0%;--awb-margin-bottom-large:20px;--awb-spacing-left-large:1.92%;--awb-width-medium:100%;--awb-order-medium:0;--awb-spacing-right-medium:0%;--awb-spacing-left-medium:1.92%;--awb-width-small:100%;--awb-order-small:0;--awb-spacing-right-small:1.92%;--awb-spacing-left-small:1.92%;\"><div class=\"fusion-column-wrapper fusion-column-has-shadow fusion-flex-justify-content-flex-start fusion-content-layout-column\"><\/div><\/div><\/div><\/div><div class=\"fusion-fullwidth fullwidth-box fusion-builder-row-2 fusion-flex-container has-pattern-background has-mask-background nonhundred-percent-fullwidth non-hundred-percent-height-scrolling\" style=\"--awb-border-radius-top-left:0px;--awb-border-radius-top-right:0px;--awb-border-radius-bottom-right:0px;--awb-border-radius-bottom-left:0px;--awb-flex-wrap:wrap;\" ><div class=\"fusion-builder-row fusion-row fusion-flex-align-items-flex-start fusion-flex-content-wrap\" style=\"max-width:1248px;margin-left: calc(-4% \/ 2 );margin-right: calc(-4% \/ 2 );\"><div class=\"fusion-layout-column fusion_builder_column fusion-builder-column-1 fusion_builder_column_1_1 1_1 fusion-flex-column\" style=\"--awb-bg-size:cover;--awb-width-large:100%;--awb-margin-top-large:0px;--awb-spacing-right-large:1.92%;--awb-margin-bottom-large:20px;--awb-spacing-left-large:1.92%;--awb-width-medium:100%;--awb-order-medium:0;--awb-spacing-right-medium:1.92%;--awb-spacing-left-medium:1.92%;--awb-width-small:100%;--awb-order-small:0;--awb-spacing-right-small:1.92%;--awb-spacing-left-small:1.92%;\"><div class=\"fusion-column-wrapper fusion-column-has-shadow fusion-flex-justify-content-flex-start fusion-content-layout-column\"><nav class=\"fusion-breadcrumbs fusion-breadcrumbs-1 fusion-animated\" style=\"--awb-font-size:14;--awb-text-color:var(--awb-color4);--awb-breadcrumb-sep:&#039;&gt;&#039;;\" aria-label=\"Breadcrumb\" data-animationType=\"fadeInLeft\" data-animationDuration=\"0.3\" data-animationOffset=\"top-into-view\"><ol class=\"awb-breadcrumb-list\"><li class=\"fusion-breadcrumb-item awb-breadcrumb-sep\" ><a href=\"https:\/\/hospitalsanjose.gov.co\" class=\"fusion-breadcrumb-link\"><span >Home<\/span><\/a><\/li><\/ol><\/nav><\/div><\/div><\/div><\/div><div class=\"fusion-fullwidth fullwidth-box fusion-builder-row-3 fusion-flex-container has-pattern-background has-mask-background fusion-parallax-none nonhundred-percent-fullwidth non-hundred-percent-height-scrolling\" style=\"--awb-border-color:var(--awb-color6);--awb-border-radius-top-left:0px;--awb-border-radius-top-right:0px;--awb-border-radius-bottom-right:0px;--awb-border-radius-bottom-left:0px;--awb-background-image:url(&quot;https:\/\/hospitalsanjose.gov.co\/wp-content\/uploads\/2024\/02\/fondo_arcoiris.png&quot;);--awb-background-size:cover;--awb-flex-wrap:wrap;\" ><div class=\"fusion-builder-row fusion-row fusion-flex-align-items-flex-start fusion-flex-content-wrap\" style=\"max-width:1248px;margin-left: calc(-4% \/ 2 );margin-right: calc(-4% \/ 2 );\"><div class=\"fusion-layout-column fusion_builder_column fusion-builder-column-2 fusion_builder_column_1_1 1_1 fusion-flex-column\" style=\"--awb-bg-size:cover;--awb-width-large:100%;--awb-margin-top-large:0px;--awb-spacing-right-large:1.92%;--awb-margin-bottom-large:20px;--awb-spacing-left-large:1.92%;--awb-width-medium:100%;--awb-order-medium:0;--awb-spacing-right-medium:1.92%;--awb-spacing-left-medium:1.92%;--awb-width-small:100%;--awb-order-small:0;--awb-spacing-right-small:1.92%;--awb-spacing-left-small:1.92%;\"><div class=\"fusion-column-wrapper fusion-column-has-shadow fusion-flex-justify-content-flex-start fusion-content-layout-column\"><div class=\"fusion-title title fusion-title-1 fusion-sep-none fusion-title-center fusion-title-text fusion-title-size-three\"><h3 class=\"fusion-title-heading title-heading-center\" style=\"margin:0;\">Te damos la bienvenida al espacio de ni\u00f1os, ni\u00f1as y adolescentes, donde obtendr\u00e1s informaci\u00f3n sobre el Hospital y sus actividades.<\/h3><\/div><\/div><\/div><div class=\"fusion-layout-column fusion_builder_column fusion-builder-column-3 fusion-flex-column\" style=\"--awb-bg-color:rgba(255,255,255,0.48);--awb-bg-color-hover:rgba(255,255,255,0.48);--awb-bg-size:cover;--awb-width-large:15%;--awb-margin-top-large:0px;--awb-spacing-right-large:17.28%;--awb-margin-bottom-large:20px;--awb-spacing-left-large:12.8%;--awb-width-medium:15%;--awb-order-medium:0;--awb-spacing-right-medium:17.28%;--awb-spacing-left-medium:12.8%;--awb-width-small:100%;--awb-order-small:0;--awb-spacing-right-small:1.92%;--awb-spacing-left-small:1.92%;\"><div class=\"fusion-column-wrapper fusion-column-has-shadow fusion-flex-justify-content-flex-start fusion-content-layout-column\"><\/div><\/div><div class=\"fusion-layout-column fusion_builder_column fusion-builder-column-4 fusion_builder_column_1_5 1_5 fusion-flex-column\" style=\"--awb-bg-size:cover;--awb-width-large:20%;--awb-margin-top-large:0px;--awb-spacing-right-large:0%;--awb-margin-bottom-large:20px;--awb-spacing-left-large:15.84%;--awb-width-medium:20%;--awb-order-medium:0;--awb-spacing-right-medium:0%;--awb-spacing-left-medium:15.84%;--awb-width-small:100%;--awb-order-small:0;--awb-spacing-right-small:1.92%;--awb-spacing-left-small:1.92%;\"><div class=\"fusion-column-wrapper fusion-column-has-shadow fusion-flex-justify-content-flex-start fusion-content-layout-column\"><div style=\"text-align:center;\"><a class=\"fusion-button button-flat fusion-button-default-size button-custom fusion-button-default button-1 fusion-button-default-span fusion-button-default-type\" style=\"--button_accent_color:var(--awb-color4);--button_border_color:var(--awb-color4);--button_accent_hover_color:var(--awb-color1);--button_border_hover_color:var(--awb-color1);--button_gradient_top_color:#4df7f9;--button_gradient_bottom_color:#4df7f9;--button_gradient_top_color_hover:var(--awb-color4);--button_gradient_bottom_color_hover:var(--awb-color4);--button_typography-font-family:&quot;Lato&quot;;--button_typography-font-style:normal;--button_typography-font-weight:700;\" target=\"_self\" href=\"https:\/\/hospitalsanjose.gov.co\/mi-hospital\"><span class=\"fusion-button-text\">Mi Hospital<\/span><\/a><\/div><\/div><\/div><div class=\"fusion-layout-column fusion_builder_column fusion-builder-column-5 fusion-flex-column\" style=\"--awb-bg-color:rgba(255,255,255,0.48);--awb-bg-color-hover:rgba(255,255,255,0.48);--awb-bg-size:cover;--awb-width-large:30%;--awb-margin-top-large:0px;--awb-spacing-right-large:4.48%;--awb-margin-bottom-large:0px;--awb-spacing-left-large:3.52%;--awb-width-medium:30%;--awb-order-medium:0;--awb-spacing-right-medium:4.48%;--awb-spacing-left-medium:3.52%;--awb-width-small:100%;--awb-order-small:0;--awb-spacing-right-small:1.92%;--awb-spacing-left-small:1.92%;\"><div class=\"fusion-column-wrapper fusion-column-has-shadow fusion-flex-justify-content-flex-start fusion-content-layout-column\"><div style=\"text-align:center;\"><a class=\"fusion-button button-flat fusion-button-default-size button-custom fusion-button-default button-2 fusion-button-default-span fusion-button-default-type\" style=\"--button_accent_color:#6439ff;--button_border_color:#6439ff;--button_accent_hover_color:var(--awb-color1);--button_border_hover_color:var(--awb-color1);--button_gradient_top_color:#eae3e0;--button_gradient_bottom_color:#eae3e0;--button_gradient_top_color_hover:var(--awb-color4);--button_gradient_bottom_color_hover:var(--awb-color4);--button_typography-font-family:&quot;Lato&quot;;--button_typography-font-style:normal;--button_typography-font-weight:900;\" target=\"_self\" href=\"https:\/\/hospitalsanjose.gov.co\/mis-derechos-y-deberes\"><span class=\"fusion-button-text\">Mis derechos y deberes<\/span><\/a><\/div><\/div><\/div><div class=\"fusion-layout-column fusion_builder_column fusion-builder-column-6 fusion_builder_column_1_5 1_5 fusion-flex-column\" style=\"--awb-bg-color:rgba(255,255,255,0.48);--awb-bg-color-hover:rgba(255,255,255,0.48);--awb-bg-size:cover;--awb-width-large:20%;--awb-margin-top-large:0px;--awb-spacing-right-large:19.2%;--awb-margin-bottom-large:20px;--awb-spacing-left-large:0%;--awb-width-medium:20%;--awb-order-medium:0;--awb-spacing-right-medium:19.2%;--awb-spacing-left-medium:0%;--awb-width-small:100%;--awb-order-small:0;--awb-spacing-right-small:1.92%;--awb-spacing-left-small:1.92%;\"><div class=\"fusion-column-wrapper fusion-column-has-shadow fusion-flex-justify-content-flex-start fusion-content-layout-column\"><div style=\"text-align:center;\"><a class=\"fusion-button button-flat fusion-button-default-size button-custom fusion-button-default button-3 fusion-button-default-span fusion-button-default-type\" style=\"--button_accent_color:#af6c02;--button_border_color:#af6c02;--button_accent_hover_color:var(--awb-color1);--button_border_hover_color:var(--awb-color1);--button_gradient_top_color:#f5dc79;--button_gradient_bottom_color:#f5dc79;--button_gradient_top_color_hover:var(--awb-color4);--button_gradient_bottom_color_hover:var(--awb-color4);--button_typography-font-family:&quot;Lato&quot;;--button_typography-font-style:normal;--button_typography-font-weight:700;\" target=\"_self\" href=\"https:\/\/hospitalsanjose.gov.co\/multimedia\"><span class=\"fusion-button-text\">Multimedia<\/span><\/a><\/div><\/div><\/div><div class=\"fusion-layout-column fusion_builder_column fusion-builder-column-7 fusion-flex-column\" style=\"--awb-bg-color:rgba(255,255,255,0.48);--awb-bg-color-hover:rgba(255,255,255,0.48);--awb-bg-size:cover;--awb-width-large:15%;--awb-margin-top-large:0px;--awb-spacing-right-large:12.8%;--awb-margin-bottom-large:20px;--awb-spacing-left-large:12.8%;--awb-width-medium:15%;--awb-order-medium:0;--awb-spacing-right-medium:12.8%;--awb-spacing-left-medium:12.8%;--awb-width-small:100%;--awb-order-small:0;--awb-spacing-right-small:1.92%;--awb-spacing-left-small:1.92%;\"><div class=\"fusion-column-wrapper fusion-column-has-shadow fusion-flex-justify-content-flex-start fusion-content-layout-column\"><\/div><\/div><div class=\"fusion-layout-column fusion_builder_column fusion-builder-column-8 fusion_builder_column_1_1 1_1 fusion-flex-column\" style=\"--awb-bg-color:rgba(255,255,255,0.48);--awb-bg-color-hover:rgba(255,255,255,0.48);--awb-bg-size:cover;--awb-width-large:100%;--awb-margin-top-large:111px;--awb-spacing-right-large:1.92%;--awb-margin-bottom-large:0px;--awb-spacing-left-large:1.92%;--awb-width-medium:100%;--awb-order-medium:0;--awb-spacing-right-medium:1.92%;--awb-spacing-left-medium:1.92%;--awb-width-small:100%;--awb-order-small:0;--awb-spacing-right-small:1.92%;--awb-spacing-left-small:1.92%;\"><div class=\"fusion-column-wrapper fusion-column-has-shadow fusion-flex-justify-content-flex-start fusion-content-layout-column\"><div class=\"fusion-image-element \" style=\"--awb-caption-title-font-family:var(--h2_typography-font-family);--awb-caption-title-font-weight:var(--h2_typography-font-weight);--awb-caption-title-font-style:var(--h2_typography-font-style);--awb-caption-title-size:var(--h2_typography-font-size);--awb-caption-title-transform:var(--h2_typography-text-transform);--awb-caption-title-line-height:var(--h2_typography-line-height);--awb-caption-title-letter-spacing:var(--h2_typography-letter-spacing);\"><span class=\" fusion-imageframe imageframe-none imageframe-1 hover-type-none\"><img decoding=\"async\" width=\"2200\" height=\"1700\" alt=\"Portal para Ni\u00f1os | Hospital Universitario San Jose\" title=\"Portal para Ni\u00f1os | Hospital Universitario San Jose\" src=\"https:\/\/hospitalsanjose.gov.co\/wp-content\/uploads\/2024\/02\/portal_ninos_1.jpg\" class=\"img-responsive wp-image-4649\" srcset=\"https:\/\/hospitalsanjose.gov.co\/wp-content\/uploads\/2024\/02\/portal_ninos_1-200x155.jpg 200w, https:\/\/hospitalsanjose.gov.co\/wp-content\/uploads\/2024\/02\/portal_ninos_1-400x309.jpg 400w, https:\/\/hospitalsanjose.gov.co\/wp-content\/uploads\/2024\/02\/portal_ninos_1-600x464.jpg 600w, https:\/\/hospitalsanjose.gov.co\/wp-content\/uploads\/2024\/02\/portal_ninos_1-800x618.jpg 800w, https:\/\/hospitalsanjose.gov.co\/wp-content\/uploads\/2024\/02\/portal_ninos_1-1200x927.jpg 1200w, https:\/\/hospitalsanjose.gov.co\/wp-content\/uploads\/2024\/02\/portal_ninos_1.jpg 2200w\" sizes=\"(max-width: 640px) 100vw, 1200px\" \/><\/span><\/div><div class=\"fusion-image-element \" style=\"--awb-caption-title-font-family:var(--h2_typography-font-family);--awb-caption-title-font-weight:var(--h2_typography-font-weight);--awb-caption-title-font-style:var(--h2_typography-font-style);--awb-caption-title-size:var(--h2_typography-font-size);--awb-caption-title-transform:var(--h2_typography-text-transform);--awb-caption-title-line-height:var(--h2_typography-line-height);--awb-caption-title-letter-spacing:var(--h2_typography-letter-spacing);\"><span class=\" fusion-imageframe imageframe-none imageframe-2 hover-type-none\"><img decoding=\"async\" width=\"2200\" height=\"1700\" alt=\"Portal para Ni\u00f1os | Hospital Universitario San Jose\" title=\"Portal para Ni\u00f1os | Hospital Universitario San Jose\" src=\"https:\/\/hospitalsanjose.gov.co\/wp-content\/uploads\/2024\/02\/portal_ninos_2.jpg\" class=\"img-responsive wp-image-4648\" srcset=\"https:\/\/hospitalsanjose.gov.co\/wp-content\/uploads\/2024\/02\/portal_ninos_2-200x155.jpg 200w, https:\/\/hospitalsanjose.gov.co\/wp-content\/uploads\/2024\/02\/portal_ninos_2-400x309.jpg 400w, https:\/\/hospitalsanjose.gov.co\/wp-content\/uploads\/2024\/02\/portal_ninos_2-600x464.jpg 600w, https:\/\/hospitalsanjose.gov.co\/wp-content\/uploads\/2024\/02\/portal_ninos_2-800x618.jpg 800w, https:\/\/hospitalsanjose.gov.co\/wp-content\/uploads\/2024\/02\/portal_ninos_2-1200x927.jpg 1200w, https:\/\/hospitalsanjose.gov.co\/wp-content\/uploads\/2024\/02\/portal_ninos_2.jpg 2200w\" sizes=\"(max-width: 640px) 100vw, 1200px\" \/><\/span><\/div><div class=\"fusion-image-element \" style=\"--awb-caption-title-font-family:var(--h2_typography-font-family);--awb-caption-title-font-weight:var(--h2_typography-font-weight);--awb-caption-title-font-style:var(--h2_typography-font-style);--awb-caption-title-size:var(--h2_typography-font-size);--awb-caption-title-transform:var(--h2_typography-text-transform);--awb-caption-title-line-height:var(--h2_typography-line-height);--awb-caption-title-letter-spacing:var(--h2_typography-letter-spacing);\"><span class=\" fusion-imageframe imageframe-none imageframe-3 hover-type-none\"><img decoding=\"async\" width=\"2662\" height=\"1765\" alt=\"Portal para Ni\u00f1os | Hospital Universitario San Jose\" title=\"Portal para Ni\u00f1os | Hospital Universitario San Jose\" src=\"https:\/\/hospitalsanjose.gov.co\/wp-content\/uploads\/2024\/02\/portal_ninos_3.png\" class=\"img-responsive wp-image-4647\" srcset=\"https:\/\/hospitalsanjose.gov.co\/wp-content\/uploads\/2024\/02\/portal_ninos_3-200x133.png 200w, https:\/\/hospitalsanjose.gov.co\/wp-content\/uploads\/2024\/02\/portal_ninos_3-400x265.png 400w, https:\/\/hospitalsanjose.gov.co\/wp-content\/uploads\/2024\/02\/portal_ninos_3-600x398.png 600w, https:\/\/hospitalsanjose.gov.co\/wp-content\/uploads\/2024\/02\/portal_ninos_3-800x530.png 800w, https:\/\/hospitalsanjose.gov.co\/wp-content\/uploads\/2024\/02\/portal_ninos_3-1200x796.png 1200w, https:\/\/hospitalsanjose.gov.co\/wp-content\/uploads\/2024\/02\/portal_ninos_3.png 2662w\" sizes=\"(max-width: 640px) 100vw, 1200px\" \/><\/span><\/div><\/div><\/div><div class=\"fusion-layout-column fusion_builder_column fusion-builder-column-9 fusion_builder_column_1_1 1_1 fusion-flex-column\" style=\"--awb-bg-color:rgba(255,255,255,0.48);--awb-bg-color-hover:rgba(255,255,255,0.48);--awb-bg-size:cover;--awb-width-large:100%;--awb-margin-top-large:0px;--awb-spacing-right-large:1.92%;--awb-margin-bottom-large:20px;--awb-spacing-left-large:1.92%;--awb-width-medium:100%;--awb-order-medium:0;--awb-spacing-right-medium:1.92%;--awb-spacing-left-medium:1.92%;--awb-width-small:100%;--awb-order-small:0;--awb-spacing-right-small:1.92%;--awb-spacing-left-small:1.92%;\"><div class=\"fusion-column-wrapper fusion-column-has-shadow fusion-flex-justify-content-flex-start fusion-content-layout-column\"><div class=\"fusion-text fusion-text-1\"><p><strong>URGENCIAS PEDIATR\u00cdA:<\/strong>\u00a0Cuenta con 9 camas de observaci\u00f3n y 3 camas de emergencias<\/p>\n<p><strong>SALAS PEDIATR\u00cdA:<\/strong>\u00a0Cuenta con 16 camas<\/p>\n<p><strong>UCIP:<\/strong>\u00a08 camas<\/p>\n<p><strong>QUEMADOS PEDIATR\u00cdA<\/strong>: 7 camas<\/p>\n<\/div><div class=\"fusion-text fusion-text-2\" style=\"--awb-margin-top:50px;\"><p><strong>1. CONSULTORIO PEDI\u00c1TRICO EN CONSULTA EXTERNA<\/strong><\/p>\n<p>Son servicios que brindan cuidados a los ni\u00f1os desde el paciente ambulatorio hasta los ni\u00f1os m\u00e1s cr\u00edticos. Cuenta con talento humano calificado, capacitado e id\u00f3neo para la atenci\u00f3n de la poblaci\u00f3n pedi\u00e1trica como auxiliares de enfermer\u00eda, enfermeros profesionales, fisioterapeutas, fonoaudi\u00f3logos, m\u00e9dicos generales, pediatras, subespecialidades en gastroenterolog\u00eda pedi\u00e1trica, nefrolog\u00eda, neumolog\u00eda, psiquiatr\u00eda, entre otras que hacen de nuestros servicios el mejor lugar para dar\u00a0 salud y bienestar a los ni\u00f1os y sus familias.<\/p>\n<\/div><div class=\"fusion-text fusion-text-3\" style=\"--awb-margin-top:50px;\"><p align=\"center\"><strong><u>HORARIOS DE VISITAS<\/u><\/strong><\/p>\n<p><strong>UCIP y URGENCIAS PEDIATR\u00cdA:\u00a0<\/strong>No tiene visitas, pero s\u00ed acompa\u00f1ante permanente<\/p>\n<p><strong>PEDIATR\u00cdA SALAS: Acompa\u00f1ante permanente y Visitas<\/strong>: 11:00 a.m. a 1:00 p.m. y 4:00 p.m. a 5:30 pm<\/p>\n<\/div><\/div><\/div><\/div><\/div><\/p>\n","protected":false},"excerpt":{"rendered":"","protected":false},"author":1,"featured_media":0,"parent":0,"menu_order":0,"comment_status":"closed","ping_status":"closed","template":"100-width.php","meta":{"_acf_changed":false,"_lmt_disableupdate":"no","_lmt_disable":"","footnotes":""},"class_list":["post-8883","page","type-page","status-publish","hentry"],"acf":[],"_links":{"self":[{"href":"https:\/\/hospitalsanjose.gov.co\/index.php\/wp-json\/wp\/v2\/pages\/8883","targetHints":{"allow":["GET"]}}],"collection":[{"href":"https:\/\/hospitalsanjose.gov.co\/index.php\/wp-json\/wp\/v2\/pages"}],"about":[{"href":"https:\/\/hospitalsanjose.gov.co\/index.php\/wp-json\/wp\/v2\/types\/page"}],"author":[{"embeddable":true,"href":"https:\/\/hospitalsanjose.gov.co\/index.php\/wp-json\/wp\/v2\/users\/1"}],"replies":[{"embeddable":true,"href":"https:\/\/hospitalsanjose.gov.co\/index.php\/wp-json\/wp\/v2\/comments?post=8883"}],"version-history":[{"count":1,"href":"https:\/\/hospitalsanjose.gov.co\/index.php\/wp-json\/wp\/v2\/pages\/8883\/revisions"}],"predecessor-version":[{"id":8884,"href":"https:\/\/hospitalsanjose.gov.co\/index.php\/wp-json\/wp\/v2\/pages\/8883\/revisions\/8884"}],"wp:attachment":[{"href":"https:\/\/hospitalsanjose.gov.co\/index.php\/wp-json\/wp\/v2\/media?parent=8883"}],"curies":[{"name":"wp","href":"https:\/\/api.w.org\/{rel}","templated":true}]}}