{"id":12191,"date":"2025-11-20T11:37:02","date_gmt":"2025-11-20T16:37:02","guid":{"rendered":"https:\/\/hospitalsanjose.gov.co\/?page_id=12191"},"modified":"2025-11-20T11:37:02","modified_gmt":"2025-11-20T16:37:02","slug":"referenciacion-2","status":"publish","type":"page","link":"https:\/\/hospitalsanjose.gov.co\/index.php\/referenciacion-2\/","title":{"rendered":"Referenciaci\u00f3n"},"content":{"rendered":"<p><div class=\"fusion-fullwidth fullwidth-box fusion-builder-row-1 fusion-flex-container has-pattern-background has-mask-background hundred-percent-fullwidth non-hundred-percent-height-scrolling\" style=\"--awb-border-radius-top-left:0px;--awb-border-radius-top-right:0px;--awb-border-radius-bottom-right:0px;--awb-border-radius-bottom-left:0px;--awb-padding-top:0px;--awb-padding-right:0px;--awb-padding-bottom:0px;--awb-padding-left:0px;--awb-flex-wrap:wrap;\" ><div class=\"fusion-builder-row fusion-row fusion-flex-align-items-stretch fusion-flex-justify-content-center fusion-flex-content-wrap\" style=\"width:104% !important;max-width:104% !important;margin-left: calc(-4% \/ 2 );margin-right: calc(-4% \/ 2 );\"><div class=\"fusion-layout-column fusion_builder_column fusion-builder-column-0 fusion_builder_column_1_1 1_1 fusion-flex-column\" style=\"--awb-bg-size:cover;--awb-width-large:100%;--awb-margin-top-large:0px;--awb-spacing-right-large:1.92%;--awb-margin-bottom-large:20px;--awb-spacing-left-large:1.92%;--awb-width-medium:100%;--awb-order-medium:0;--awb-spacing-right-medium:1.92%;--awb-spacing-left-medium:1.92%;--awb-width-small:100%;--awb-order-small:0;--awb-spacing-right-small:1.92%;--awb-spacing-left-small:1.92%;\"><div class=\"fusion-column-wrapper fusion-column-has-shadow fusion-flex-justify-content-flex-start fusion-content-layout-column\">\n<div class=\"fusion-slider-revolution rev_slider_wrapper\">\t\t\t<!-- START Referenciaci\u00f3n REVOLUTION SLIDER 6.7.7 --><p class=\"rs-p-wp-fix\"><\/p>\n\t\t\t<rs-module-wrap id=\"rev_slider_22_1_wrapper\" data-source=\"gallery\" style=\"visibility:hidden;background:#ffffff;padding:0;margin:0px auto;margin-top:0;margin-bottom:0;max-width:none;\">\n\t\t\t\t<rs-module id=\"rev_slider_22_1\" style=\"\" data-version=\"6.7.7\">\n\t\t\t\t\t<rs-slides style=\"overflow: hidden; position: absolute;\">\n\t\t\t\t\t\t<rs-slide style=\"position: absolute;\" data-key=\"rs-93\" data-title=\"Slide\" data-in=\"o:0;\" data-out=\"a:false;\" data-mediafilter=\"hudson\">\n\t\t\t\t\t\t\t<img decoding=\"async\" src=\"\/\/hospitalsanjose.gov.co\/wp-content\/plugins\/revslider\/sr6\/assets\/assets\/dummy.png\" alt=\"\" title=\"Referenciaci\u00f3n\" width=\"921\" height=\"467\" class=\"rev-slidebg tp-rs-img rs-lazyload\" data-lazyload=\"\/\/hospitalsanjose.gov.co\/wp-content\/uploads\/2025\/11\/Referenciacion.webp\" data-no-retina>\n<!--\n\t\t\t\t\t\t\t--><rs-layer\n\t\t\t\t\t\t\t\tid=\"slider-22-slide-93-layer-0\" \n\t\t\t\t\t\t\t\tdata-type=\"button\"\n\t\t\t\t\t\t\t\tdata-color=\"#fff\"\n\t\t\t\t\t\t\t\tdata-rsp_ch=\"on\"\n\t\t\t\t\t\t\t\tdata-xy=\"x:9px;y:165px;\"\n\t\t\t\t\t\t\t\tdata-text=\"w:nowrap;s:72;l:84;ls:-1;fw:500;a:center;\"\n\t\t\t\t\t\t\t\tdata-dim=\"w:584;minh:0;\"\n\t\t\t\t\t\t\t\tdata-frame_999=\"o:0;st:w;sR:8700;\"\n\t\t\t\t\t\t\t\tstyle=\"z-index:5;font-family:'Poppins';text-transform:uppercase;\"\n\t\t\t\t\t\t\t>REFERENCIACION \n\t\t\t\t\t\t\t<\/rs-layer><!--\n-->\t\t\t\t\t<\/rs-slide>\n\t\t\t\t\t<\/rs-slides>\n\t\t\t\t\t<rs-static-layers><!--\n\t\t\t\t\t--><\/rs-static-layers>\n\t\t\t\t<\/rs-module>\n\t\t\t\t<script>\n\t\t\t\t\tsetREVStartSize({c: 'rev_slider_22_1',rl:[1240,1024,778,480],el:[450],gw:[600],gh:[450],type:'standard',justify:'',layout:'fullwidth',mh:\"600px\"});if (window.RS_MODULES!==undefined && window.RS_MODULES.modules!==undefined && window.RS_MODULES.modules[\"revslider221\"]!==undefined) {window.RS_MODULES.modules[\"revslider221\"].once = false;window.revapi22 = undefined;if (window.RS_MODULES.checkMinimal!==undefined) window.RS_MODULES.checkMinimal()}\n\t\t\t\t<\/script>\n\t\t\t<\/rs-module-wrap>\n\t\t\t<!-- END REVOLUTION SLIDER -->\n<\/div><\/div><\/div><\/div><\/div><div class=\"fusion-fullwidth fullwidth-box fusion-builder-row-2 fusion-flex-container has-pattern-background has-mask-background nonhundred-percent-fullwidth non-hundred-percent-height-scrolling\" style=\"--awb-border-radius-top-left:0px;--awb-border-radius-top-right:0px;--awb-border-radius-bottom-right:0px;--awb-border-radius-bottom-left:0px;--awb-flex-wrap:wrap;\" ><div class=\"fusion-builder-row fusion-row fusion-flex-align-items-flex-start fusion-flex-content-wrap\" style=\"max-width:1248px;margin-left: calc(-4% \/ 2 );margin-right: calc(-4% \/ 2 );\"><div class=\"fusion-layout-column fusion_builder_column fusion-builder-column-1 fusion_builder_column_1_1 1_1 fusion-flex-column\" style=\"--awb-bg-size:cover;--awb-width-large:100%;--awb-margin-top-large:0px;--awb-spacing-right-large:1.92%;--awb-margin-bottom-large:20px;--awb-spacing-left-large:1.92%;--awb-width-medium:100%;--awb-order-medium:0;--awb-spacing-right-medium:1.92%;--awb-spacing-left-medium:1.92%;--awb-width-small:100%;--awb-order-small:0;--awb-spacing-right-small:1.92%;--awb-spacing-left-small:1.92%;\"><div class=\"fusion-column-wrapper fusion-column-has-shadow fusion-flex-justify-content-flex-start fusion-content-layout-column\"><div class=\"fusion-text fusion-text-1\"><p style=\"text-align: center;\">\n<p style=\"text-align: center;\">En este espacio, ofrecemos a organizaciones regionales, nacionales e internacionales; la oportunidad de participar en actividades de referenciaci\u00f3n, con el prop\u00f3sito de compartir informaci\u00f3n sobre la gesti\u00f3n realizada en diversos procesos asistenciales y administrativos. Nuestro objetivo es destacar experiencias exitosas y lecciones aprendidas relacionadas con la adopci\u00f3n y adaptaci\u00f3n de pr\u00e1cticas y pol\u00edticas que han promovido la prestaci\u00f3n de servicios de salud excelentes, compasivos y de alta calidad.<\/p>\n<p style=\"text-align: center;\">Contamos con la modalidad de <strong>referenciaci\u00f3n especifica, <\/strong>dise\u00f1ada para ajustarse a tus necesidades:<\/p>\n<p style=\"text-align: center;\"><strong style=\"letter-spacing: 0.24px; background-color: rgba(0, 0, 0, 0);\">Referenciaci\u00f3n Especifica: <\/strong><span style=\"letter-spacing: 0.24px; background-color: rgba(0, 0, 0, 0);\">Para abordar un tema que no sea institucional diligencia el <\/span><strong style=\"letter-spacing: 0.24px; background-color: rgba(0, 0, 0, 0);\">formulario de referenciaci\u00f3n espec\u00edfica<\/strong><span style=\"letter-spacing: 0.24px; background-color: rgba(0, 0, 0, 0);\">, indicando tu necesidad actual. El responsable del proceso relacionado con el objetivo de tu solicitud se pondr\u00e1 en contacto con tu entidad.<\/span><\/p>\n<\/p>\n<div class=\"fusion-aligncenter\"><a class=\"fusion-button button-flat button-medium button-default fusion-button-default button-1 fusion-button-default-span fusion-button-default-type\" style=\"--button-border-radius-top-left:10px;--button-border-radius-top-right:10px;--button-border-radius-bottom-right:10px;--button-border-radius-bottom-left:10px;\" target=\"_self\" href=\"https:\/\/forms.gle\/c573gGuqWtDMJ38U7\"><span class=\"fusion-button-text\">Formulario de solicitud de Referenciaci\u00f3n<\/span><\/a><\/div>\n<\/div><\/div><\/div><\/div><\/div><\/p>\n","protected":false},"excerpt":{"rendered":"","protected":false},"author":1,"featured_media":0,"parent":0,"menu_order":0,"comment_status":"closed","ping_status":"closed","template":"100-width.php","meta":{"_acf_changed":false,"_lmt_disableupdate":"no","_lmt_disable":"","footnotes":""},"class_list":["post-12191","page","type-page","status-publish","hentry"],"acf":[],"_links":{"self":[{"href":"https:\/\/hospitalsanjose.gov.co\/index.php\/wp-json\/wp\/v2\/pages\/12191","targetHints":{"allow":["GET"]}}],"collection":[{"href":"https:\/\/hospitalsanjose.gov.co\/index.php\/wp-json\/wp\/v2\/pages"}],"about":[{"href":"https:\/\/hospitalsanjose.gov.co\/index.php\/wp-json\/wp\/v2\/types\/page"}],"author":[{"embeddable":true,"href":"https:\/\/hospitalsanjose.gov.co\/index.php\/wp-json\/wp\/v2\/users\/1"}],"replies":[{"embeddable":true,"href":"https:\/\/hospitalsanjose.gov.co\/index.php\/wp-json\/wp\/v2\/comments?post=12191"}],"version-history":[{"count":10,"href":"https:\/\/hospitalsanjose.gov.co\/index.php\/wp-json\/wp\/v2\/pages\/12191\/revisions"}],"predecessor-version":[{"id":12212,"href":"https:\/\/hospitalsanjose.gov.co\/index.php\/wp-json\/wp\/v2\/pages\/12191\/revisions\/12212"}],"wp:attachment":[{"href":"https:\/\/hospitalsanjose.gov.co\/index.php\/wp-json\/wp\/v2\/media?parent=12191"}],"curies":[{"name":"wp","href":"https:\/\/api.w.org\/{rel}","templated":true}]}}